{"id":560,"date":"2025-05-05T13:15:56","date_gmt":"2025-05-05T11:15:56","guid":{"rendered":"https:\/\/www.ph7foodtech.com\/?page_id=560"},"modified":"2026-03-16T12:59:41","modified_gmt":"2026-03-16T11:59:41","slug":"aviso-legal","status":"publish","type":"page","link":"https:\/\/www.ph7foodtech.com\/es\/aviso-legal\/","title":{"rendered":"Aviso legal"},"content":{"rendered":"\t\t<div data-elementor-type=\"wp-page\" data-elementor-id=\"560\" class=\"elementor elementor-560\" data-elementor-post-type=\"page\">\n\t\t\t\t<div class=\"elementor-element elementor-element-5a34e60 e-con-full e-flex e-con e-parent\" data-id=\"5a34e60\" data-element_type=\"container\" data-e-type=\"container\" data-settings=\"{&quot;background_background&quot;:&quot;classic&quot;}\">\n\t\t\t\t<div class=\"elementor-element elementor-element-870140f elementor-widget__width-initial elementor-widget elementor-widget-heading\" data-id=\"870140f\" data-element_type=\"widget\" data-e-type=\"widget\" data-widget_type=\"heading.default\">\n\t\t\t\t<div class=\"elementor-widget-container\">\n\t\t\t\t\t<h2 class=\"elementor-heading-title elementor-size-default\">\/   legal<\/h2>\t\t\t\t<\/div>\n\t\t\t\t<\/div>\n\t\t\t\t<div class=\"elementor-element elementor-element-3ad19db elementor-widget__width-initial elementor-widget-mobile__width-initial elementor-widget elementor-widget-heading\" data-id=\"3ad19db\" data-element_type=\"widget\" data-e-type=\"widget\" data-widget_type=\"heading.default\">\n\t\t\t\t<div class=\"elementor-widget-container\">\n\t\t\t\t\t<h1 class=\"elementor-heading-title elementor-size-default\">Aviso legal<\/h1>\t\t\t\t<\/div>\n\t\t\t\t<\/div>\n\t\t\t\t<\/div>\n\t\t<div class=\"elementor-element elementor-element-0fb546f e-flex e-con-boxed e-con e-parent\" data-id=\"0fb546f\" data-element_type=\"container\" data-e-type=\"container\">\n\t\t\t\t\t<div class=\"e-con-inner\">\n\t\t\t\t<div class=\"elementor-element elementor-element-e8fe80d elementor-widget elementor-widget-text-editor\" data-id=\"e8fe80d\" data-element_type=\"widget\" data-e-type=\"widget\" data-widget_type=\"text-editor.default\">\n\t\t\t\t<div class=\"elementor-widget-container\">\n\t\t\t\t\t\t\t\t\t<p>El presente Aviso Legal establece las condiciones de uso de la P\u00e1gina Web \u00a0<a href=\"https:\/\/www.ph7foodtech.com\/\">https:\/\/www.ph7foodtech.com<\/a>\u00a0, (en adelante la P\u00e1gina Web). La utilizaci\u00f3n de la misma atribuye al navegante la condici\u00f3n de Usuario, lo que implica la adhesi\u00f3n y compromiso de cumplimiento de todas y cada una de las condiciones contenidas en este Aviso Legal, en la versi\u00f3n publicada en el momento en que se acceda al mismo, por lo que se recomienda al Usuario leer este Aviso Legal atentamente cada vez que acceda a la P\u00e1gina Web. Estas Condiciones ser\u00e1n aplicables con independencia de la existencia de otras condiciones espec\u00edficas aplicables a determinados servicios que se presten en la P\u00e1gina Web.<\/p><p><strong>Datos identificativos del Prestador de Servicios<\/strong><\/p><p>Denominaci\u00f3n: BARCELONESA DE DROGAS Y PRODUCTOS QU\u00cdMICOS, S.A.U., (en adelante PH7 Food Technology)<\/p><p>Domicilio: C\/ Crom, 14, 08940 Cornella de Llobregat<\/p><p>CIF: B66459769<\/p><p>Inscrita al Registro Mercantil de Barcelona, con fecha 28\/01\/2015, en el tomo 44758, folio 47, hoja B465596<\/p><p>Contacto:\u00a0<a href=\"mailto:comercial@ph7foodtech.com\">comercial@ph7foodtech.com<\/a><\/p><p><strong>T\u00e9rminos y Condiciones de uso<\/strong><\/p><p>Los t\u00e9rminos y condiciones recogidos en el presente Aviso Legal ser\u00e1n de aplicaci\u00f3n a todas aquellas p\u00e1ginas que figuran dentro del Mapa del Sitio, que son las \u00fanicas comprendidas en esta P\u00e1gina Web.<\/p><p>El acceso a esta P\u00e1gina Web es responsabilidad exclusiva de los Usuarios y supone aceptar los presentes t\u00e9rminos y condiciones de uso.<\/p><p>El Usuario debe realizar un uso l\u00edcito de la presente P\u00e1gina Web y sus servicios de acuerdo a los presentes t\u00e9rminos\u00a0 y condiciones de uso y a la legalidad vigente.<\/p><p>PH7 Food Technology podr\u00e1 modificar unilateralmente los t\u00e9rminos y condiciones de uso de esta P\u00e1gina Web mediante su publicaci\u00f3n en este aviso legal, y producir\u00e1n efectos desde el mismo momento de su publicaci\u00f3n.<\/p><p><strong>Navegaci\u00f3n.<\/strong><\/p><p>PH7 Food Technology no se responsabiliza ni garantiza que el acceso a la P\u00e1gina Web sea ininterrumpido o que est\u00e9 libre de error. Tampoco se responsabiliza o garantiza que el contenido o software al que pueda accederse a trav\u00e9s de la P\u00e1gina Web, est\u00e9 libre de error o cause un da\u00f1o. En ning\u00fan caso, PH7 Food Technology ser\u00e1 responsable por las p\u00e9rdidas, da\u00f1os o perjuicios de cualquier tipo que surjan por el acceso y navegaci\u00f3n por la P\u00e1gina Web, incluy\u00e9ndose pero no limit\u00e1ndose, a los ocasionados a los sistemas inform\u00e1ticos o los provocados por la introducci\u00f3n de virus.<\/p><p>ADR PH7 Food Technology de la P\u00e1gina Web. En particular, no se hace responsable en modo alguno de las ca\u00eddas, interrupciones, falta o defecto de las telecomunicaciones que pudieran ocurrir mientras el Usuario navega por ella.<\/p><p><strong>Acceso y seguridad.<\/strong><\/p><p>El acceso a los servicios transaccionales\u00a0y aquellos que incluyen la captura de datos personales\u00a0se realiza en un entorno seguro utilizando protocolo SSL (Secure Socker Layer)\u00a0de 128 bits. El servidor seguro establece una conexi\u00f3n de modo que la informaci\u00f3n se transmite cifrada. Esto asegura que el contenido transmitido es s\u00f3lo inteligible para el ordenador cliente y el servidor de PH7 Food Technology. El Usuario puede comprobar que se encuentra dentro de un entorno seguro si en la barra de estado de su navegador aparece un candado cerrado. La garant\u00eda de seguridad de nuestros servidores viene respaldada por un certificado expedido nuestro proveedor de servicios Web. Este certificado garantiza que el cliente est\u00e1 comunicando sus datos a un servidor de PH7 Food Technology y no\u00a0a un tercero que intentara hacerse pasar por \u00e9sta.<\/p><p><strong>Contenidos.<\/strong><\/p><p>PH7 Food Technology realiza los m\u00e1ximos esfuerzos para evitar cualquier error en los contenidos que pudieran aparecer en la P\u00e1gina Web.<\/p><p>PH7 Food Technology no garantiza, ni se responsabiliza de las consecuencias que pudieran derivarse de los errores en los contenidos que pudieran aparecer en la P\u00e1gina Web.<\/p><p><strong>Actualidad y Modificaciones en la P\u00e1gina Web.<\/strong><\/p><p>La informaci\u00f3n que aparece en la P\u00e1gina Web es la vigente en la fecha de su \u00faltima actualizaci\u00f3n. \u00a0PH7 Food Technology no se hace responsable de la actualidad e idoneidad de las informaciones contenidas en la misma.<\/p><p>No se podr\u00e1 alterar, cambiar, modificar, o adaptar la P\u00e1gina Web por parte del Usuario. PH7 Food Technology se reserva la facultad de efectuar cuantas actualizaciones, cambios y modificaciones estime convenientes, pudiendo hacer uso de tal facultad en cualquier momento y sin previo aviso.<\/p><p>PH7 Food Technology se reserva la facultad de modificar unilateralmente las condiciones y t\u00e9rminos de uso de la P\u00e1gina Web, incluyendo el presente Aviso Legal.<\/p><p><strong>Blog y Foros de Opini\u00f3n<\/strong><\/p><p>Los mensajes, comentarios, datos u opiniones vertidas en el Blog o foros de opini\u00f3n que puedan habilitarse en la P\u00e1gina Web son almacenados tal cual, para el \u00fanico servicio al que est\u00e1n destinados, que es el de informar, opinar y servir de contacto entre Usuarios. PH7 Food Technology no se hace responsable ni se identifica con los comentarios u opiniones vertidas en los foros\u00a0 por parte de ning\u00fan Usuario.<\/p><p>No se admitir\u00e1n intervenciones en el Blog o en dlos foros con referencias a temas racistas o sexistas, ni se admitir\u00e1 ninguna intervenci\u00f3n que derive en aspectos personales, ya sea mediante insultos, comentarios, cr\u00edticas no constructivas o meras alusiones que puedan atentar contra el derecho a la privacidad de los Usuarios de esta web o de personas o entidades ajenas a ella. Cualquier Usuario podr\u00e1 informar de la existencia de este tipo de intervenciones informando en\u00a0<a href=\"mailto:comercial@ph7foodtech.com\">comercial@ph7foodtech.com<\/a><\/p><p>No est\u00e1 permitido hacer uso del Blog o foro para realizar spam, publicidad off-topic, captar direcciones de e-mail o cualquier tipo de acci\u00f3n ilegal.<\/p><p>La responsabilidad sobre la informaci\u00f3n y sobre las actividades llevadas a cabo en el foro son exclusivamente del Usuario, eximiendo a ADR TRANS de cualquier responsabilidad que tengan origen en las mismas si estas son il\u00edcitas o lesionan bienes o derechos de un tercero. ADR TRANS se reserva el derecho de anular, cancelar, borrar cualquier comentario o denegar el acceso a cualquier Usuario que incumpla esta normativa o sea ilegal. No obstante, de conformidad con el art\u00edculo 16 de la Ley 34\/2002, de 11 de julio, de Servicios de la Sociedad de la Informaci\u00f3n y de Comercio Electr\u00f3nico, PH7 Food Technology no es responsable por la informaci\u00f3n o comentarios incluidos por los Usuarios.<\/p><p>Cuando PH7 Food Technology tenga conocimiento efectivo de que la actividad o la informaci\u00f3n almacenada es il\u00edcita o de que lesiona bienes o derechos de un tercero los retirar\u00e1 de manera inmediata.<\/p><p>Est\u00e1 prohibida la reproducci\u00f3n de los contenidos del Blog o foro \u00a0de opini\u00f3n sin previa autorizaci\u00f3n.<\/p><p><strong>Propiedad Intelectual e Industrial.<\/strong><\/p><p>Esta P\u00e1gina Web, su c\u00f3digo fuente y los contenidos que se encuentran protegidos por la Ley de Propiedad Intelectual. No podr\u00e1n ser objeto de explotaci\u00f3n, reproducci\u00f3n, distribuci\u00f3n, modificaci\u00f3n, comunicaci\u00f3n p\u00fablica, cesi\u00f3n o transformaci\u00f3n, salvo que medie autorizaci\u00f3n expresa de los titulares de los derechos.<\/p><p>El dise\u00f1o, im\u00e1genes, r\u00f3tulos, signos distintivos, nombre comercial, las marcas, logos, productos y servicios que contiene esta P\u00e1gina Web se encuentran protegidos por ley de Propiedad Industrial.<\/p><p>PH7 Food Technology es titular o licenciatario de todos los derechos sobre el contenido de esta P\u00e1gina Web y posee leg\u00edtimamente en exclusiva los derechos de explotaci\u00f3n sobre los mismos, salvo aqu\u00e9llos derechos de determinados proveedores con las que se haya firmado el correspondiente contrato para la provisi\u00f3n de contenidos y est\u00e1n protegidos por las normas nacionales e internacionales de propiedad intelectual e industrial y les ser\u00e1n de aplicaci\u00f3n, igualmente, las presentes condiciones.<\/p><p>El acceso a esta P\u00e1gina Web no otorga a los Usuarios derecho, ni titularidad alguna sobre los derechos de propiedad intelectual o industrial ni de los contenidos que alberga. Los Usuarios que accedan a esta P\u00e1gina Web no podr\u00e1n copiar, modificar, distribuir, transmitir, reproducir, publicar, ceder ni vender los elementos anteriormente mencionados o crear nuevos productos o servicios derivados de la informaci\u00f3n obtenida sin que medie autorizaci\u00f3n expresa y por escrito de los titulares de los derechos.<\/p><p>Queda terminantemente prohibida la alteraci\u00f3n del contenido o estructura de esta P\u00e1gina Web por parte del Usuario.<\/p><p>PH7 Food Technology se reserva la posibilidad de ejercer las acciones judiciales que correspondan contra los Usuarios que violen o infrinjan los derechos de propiedad intelectual e industrial.<\/p><p><strong>Hiperv\u00ednculos.<\/strong><\/p><p>La P\u00e1gina Web podr\u00e1 incorporar enlaces de acceso (hiperv\u00ednculos o links) a otras p\u00e1ginas web de las que PH7 Food Technology no es titular. En ning\u00fan caso, dicha posibilidad implicar\u00e1 la existencia de relaci\u00f3n entre PH7 Food Technology y el titular de la P\u00e1gina Web a la que dicho hiperv\u00ednculo redirige, ni siquiera su aprobaci\u00f3n o aceptaci\u00f3n. \u00a0PH7 Food Technology tampoco ser\u00e1 responsable de la licitud de los contenidos vertidos en la misma.<\/p><p>Cualquier otra P\u00e1gina Web tendr\u00e1 prohibida la incorporaci\u00f3n de un hiperv\u00ednculo a la P\u00e1gina Web de PH7 Food Technology, sin su expresa autorizaci\u00f3n. En cualquier caso, dicha autorizaci\u00f3n implicar\u00e1 que el hiperv\u00ednculo no se haga de forma que perjudique la imagen p\u00fablica y de marca de PH7 Food Technology o de la propia P\u00e1gina Web, as\u00ed como de los terceros que aparezcan referenciados en \u00e9sta.<\/p><p>PH7 Food Technology retirar\u00e1 cualquier enlace en cuanto tenga conocimiento por cualquier medio de la ilicitud de su contenido o de que desde los mismos se lesionan bienes o derechos de un tercero.<\/p><p><strong>Pol\u00edtica de Privacidad de la P\u00e1gina Web.<\/strong><\/p><p>Para m\u00e1s informaci\u00f3n sobre nuestra pol\u00edtica de protecci\u00f3n de datos y privacidad consulte nuestra\u00a0<a href=\"https:\/\/www.ph7foodtech.com\/politica-de-privacidad\">Pol\u00edtica de Privacidad.<\/a><\/p><p><strong>Uso de Cookies<\/strong><\/p><p>Para la utilizaci\u00f3n de nuestro sitio Web es necesaria la utilizaci\u00f3n de cookies. Las cookies se utilizan con la finalidad de facilitar la navegaci\u00f3n y ofrecer un servicio personalizado y m\u00e1s \u00e1gil as\u00ed como una herramienta estad\u00edstica para obtener datos estad\u00edsticos del uso de la web. En ning\u00fan caso se utilizan para almacenar informaci\u00f3n que pueda identificar al Usuario. Para m\u00e1s informaci\u00f3n, consulte nuestra\u00a0<a href=\"https:\/\/www.ph7foodtech.com\/politica-de-cookies\">Pol\u00edtica de Cookies<\/a>.<\/p><p><strong>Legislaci\u00f3n Aplicable y Jurisdicci\u00f3n Competente.<\/strong><\/p><p>Los t\u00e9rminos y condiciones que rigen la P\u00e1gina Web y todas las relaciones que pudieran derivarse se encuentran salvaguardadas por la legislaci\u00f3n espa\u00f1ola.<\/p><p>Cualquier controversia que pudiera derivarse del acceso o la utilizaci\u00f3n de la P\u00e1gina Web se somete a la exclusiva jurisdicci\u00f3n de los Juzgados y Tribunales de Madrid (Espa\u00f1a).<\/p>\t\t\t\t\t\t\t\t<\/div>\n\t\t\t\t<\/div>\n\t\t\t\t\t<\/div>\n\t\t\t\t<\/div>\n\t\t\t\t<\/div>\n\t\t","protected":false},"excerpt":{"rendered":"<p>\/ legal Aviso legal El presente Aviso Legal establece las condiciones de uso de la P\u00e1gina Web \u00a0https:\/\/www.ph7foodtech.com\u00a0, (en adelante [&hellip;]<\/p>\n","protected":false},"author":2,"featured_media":0,"parent":0,"menu_order":0,"comment_status":"closed","ping_status":"closed","template":"","meta":{"site-sidebar-layout":"no-sidebar","site-content-layout":"","ast-site-content-layout":"full-width-container","site-content-style":"default","site-sidebar-style":"default","ast-global-header-display":"","ast-banner-title-visibility":"","ast-main-header-display":"","ast-hfb-above-header-display":"","ast-hfb-below-header-display":"","ast-hfb-mobile-header-display":"","site-post-title":"disabled","ast-breadcrumbs-content":"","ast-featured-img":"disabled","footer-sml-layout":"","theme-transparent-header-meta":"","adv-header-id-meta":"","stick-header-meta":"","header-above-stick-meta":"","header-main-stick-meta":"","header-below-stick-meta":"","astra-migrate-meta-layouts":"default","ast-page-background-enabled":"default","ast-page-background-meta":{"desktop":{"background-color":"var(--ast-global-color-5)","background-image":"","background-repeat":"repeat","background-position":"center center","background-size":"auto","background-attachment":"scroll","background-type":"","background-media":"","overlay-type":"","overlay-color":"","overlay-opacity":"","overlay-gradient":""},"tablet":{"background-color":"","background-image":"","background-repeat":"repeat","background-position":"center center","background-size":"auto","background-attachment":"scroll","background-type":"","background-media":"","overlay-type":"","overlay-color":"","overlay-opacity":"","overlay-gradient":""},"mobile":{"background-color":"","background-image":"","background-repeat":"repeat","background-position":"center center","background-size":"auto","background-attachment":"scroll","background-type":"","background-media":"","overlay-type":"","overlay-color":"","overlay-opacity":"","overlay-gradient":""}},"ast-content-background-meta":{"desktop":{"background-color":"var(--ast-global-color-4)","background-image":"","background-repeat":"repeat","background-position":"center center","background-size":"auto","background-attachment":"scroll","background-type":"","background-media":"","overlay-type":"","overlay-color":"","overlay-opacity":"","overlay-gradient":""},"tablet":{"background-color":"var(--ast-global-color-4)","background-image":"","background-repeat":"repeat","background-position":"center center","background-size":"auto","background-attachment":"scroll","background-type":"","background-media":"","overlay-type":"","overlay-color":"","overlay-opacity":"","overlay-gradient":""},"mobile":{"background-color":"var(--ast-global-color-4)","background-image":"","background-repeat":"repeat","background-position":"center center","background-size":"auto","background-attachment":"scroll","background-type":"","background-media":"","overlay-type":"","overlay-color":"","overlay-opacity":"","overlay-gradient":""}},"footnotes":""},"class_list":["post-560","page","type-page","status-publish","hentry"],"yoast_head":"<!-- This site is optimized with the Yoast SEO plugin v27.3 - https:\/\/yoast.com\/product\/yoast-seo-wordpress\/ -->\n<title>Aviso legal - PH7 Food Tech<\/title>\n<meta name=\"robots\" content=\"index, follow, max-snippet:-1, max-image-preview:large, max-video-preview:-1\" \/>\n<link rel=\"canonical\" href=\"https:\/\/www.ph7foodtech.com\/es\/aviso-legal\/\" \/>\n<meta property=\"og:locale\" content=\"es_ES\" \/>\n<meta property=\"og:type\" content=\"article\" \/>\n<meta property=\"og:title\" content=\"Aviso legal - PH7 Food Tech\" \/>\n<meta property=\"og:description\" content=\"\/ legal Aviso legal El presente Aviso Legal establece las condiciones de uso de la P\u00e1gina Web \u00a0https:\/\/www.ph7foodtech.com\u00a0, (en adelante [&hellip;]\" \/>\n<meta property=\"og:url\" content=\"https:\/\/www.ph7foodtech.com\/es\/aviso-legal\/\" \/>\n<meta property=\"og:site_name\" content=\"PH7 Food Tech\" \/>\n<meta property=\"article:modified_time\" content=\"2026-03-16T11:59:41+00:00\" \/>\n<meta name=\"twitter:card\" content=\"summary_large_image\" \/>\n<meta name=\"twitter:label1\" content=\"Tiempo de lectura\" \/>\n\t<meta name=\"twitter:data1\" content=\"8 minutos\" \/>\n<script type=\"application\/ld+json\" class=\"yoast-schema-graph\">{\"@context\":\"https:\\\/\\\/schema.org\",\"@graph\":[{\"@type\":\"WebPage\",\"@id\":\"https:\\\/\\\/www.ph7foodtech.com\\\/es\\\/aviso-legal\\\/\",\"url\":\"https:\\\/\\\/www.ph7foodtech.com\\\/es\\\/aviso-legal\\\/\",\"name\":\"Aviso legal - PH7 Food Tech\",\"isPartOf\":{\"@id\":\"https:\\\/\\\/www.ph7foodtech.com\\\/es\\\/#website\"},\"datePublished\":\"2025-05-05T11:15:56+00:00\",\"dateModified\":\"2026-03-16T11:59:41+00:00\",\"breadcrumb\":{\"@id\":\"https:\\\/\\\/www.ph7foodtech.com\\\/es\\\/aviso-legal\\\/#breadcrumb\"},\"inLanguage\":\"es\",\"potentialAction\":[{\"@type\":\"ReadAction\",\"target\":[\"https:\\\/\\\/www.ph7foodtech.com\\\/es\\\/aviso-legal\\\/\"]}]},{\"@type\":\"BreadcrumbList\",\"@id\":\"https:\\\/\\\/www.ph7foodtech.com\\\/es\\\/aviso-legal\\\/#breadcrumb\",\"itemListElement\":[{\"@type\":\"ListItem\",\"position\":1,\"name\":\"Portada\",\"item\":\"https:\\\/\\\/www.ph7foodtech.com\\\/es\\\/\"},{\"@type\":\"ListItem\",\"position\":2,\"name\":\"Aviso legal\"}]},{\"@type\":\"WebSite\",\"@id\":\"https:\\\/\\\/www.ph7foodtech.com\\\/es\\\/#website\",\"url\":\"https:\\\/\\\/www.ph7foodtech.com\\\/es\\\/\",\"name\":\"PH7 Food Tech\",\"description\":\"\",\"publisher\":{\"@id\":\"https:\\\/\\\/www.ph7foodtech.com\\\/es\\\/#organization\"},\"potentialAction\":[{\"@type\":\"SearchAction\",\"target\":{\"@type\":\"EntryPoint\",\"urlTemplate\":\"https:\\\/\\\/www.ph7foodtech.com\\\/es\\\/?s={search_term_string}\"},\"query-input\":{\"@type\":\"PropertyValueSpecification\",\"valueRequired\":true,\"valueName\":\"search_term_string\"}}],\"inLanguage\":\"es\"},{\"@type\":\"Organization\",\"@id\":\"https:\\\/\\\/www.ph7foodtech.com\\\/es\\\/#organization\",\"name\":\"PH7 Food Tech\",\"url\":\"https:\\\/\\\/www.ph7foodtech.com\\\/es\\\/\",\"logo\":{\"@type\":\"ImageObject\",\"inLanguage\":\"es\",\"@id\":\"https:\\\/\\\/www.ph7foodtech.com\\\/es\\\/#\\\/schema\\\/logo\\\/image\\\/\",\"url\":\"https:\\\/\\\/www.ph7foodtech.com\\\/wp-content\\\/uploads\\\/2025\\\/08\\\/PH7-logo-Sand-Negativo.svg\",\"contentUrl\":\"https:\\\/\\\/www.ph7foodtech.com\\\/wp-content\\\/uploads\\\/2025\\\/08\\\/PH7-logo-Sand-Negativo.svg\",\"width\":841,\"height\":595,\"caption\":\"PH7 Food Tech\"},\"image\":{\"@id\":\"https:\\\/\\\/www.ph7foodtech.com\\\/es\\\/#\\\/schema\\\/logo\\\/image\\\/\"}}]}<\/script>\n<!-- \/ Yoast SEO plugin. -->","yoast_head_json":{"title":"Aviso legal - PH7 Food Tech","robots":{"index":"index","follow":"follow","max-snippet":"max-snippet:-1","max-image-preview":"max-image-preview:large","max-video-preview":"max-video-preview:-1"},"canonical":"https:\/\/www.ph7foodtech.com\/es\/aviso-legal\/","og_locale":"es_ES","og_type":"article","og_title":"Aviso legal - PH7 Food Tech","og_description":"\/ legal Aviso legal El presente Aviso Legal establece las condiciones de uso de la P\u00e1gina Web \u00a0https:\/\/www.ph7foodtech.com\u00a0, (en adelante [&hellip;]","og_url":"https:\/\/www.ph7foodtech.com\/es\/aviso-legal\/","og_site_name":"PH7 Food Tech","article_modified_time":"2026-03-16T11:59:41+00:00","twitter_card":"summary_large_image","twitter_misc":{"Tiempo de lectura":"8 minutos"},"schema":{"@context":"https:\/\/schema.org","@graph":[{"@type":"WebPage","@id":"https:\/\/www.ph7foodtech.com\/es\/aviso-legal\/","url":"https:\/\/www.ph7foodtech.com\/es\/aviso-legal\/","name":"Aviso legal - PH7 Food Tech","isPartOf":{"@id":"https:\/\/www.ph7foodtech.com\/es\/#website"},"datePublished":"2025-05-05T11:15:56+00:00","dateModified":"2026-03-16T11:59:41+00:00","breadcrumb":{"@id":"https:\/\/www.ph7foodtech.com\/es\/aviso-legal\/#breadcrumb"},"inLanguage":"es","potentialAction":[{"@type":"ReadAction","target":["https:\/\/www.ph7foodtech.com\/es\/aviso-legal\/"]}]},{"@type":"BreadcrumbList","@id":"https:\/\/www.ph7foodtech.com\/es\/aviso-legal\/#breadcrumb","itemListElement":[{"@type":"ListItem","position":1,"name":"Portada","item":"https:\/\/www.ph7foodtech.com\/es\/"},{"@type":"ListItem","position":2,"name":"Aviso legal"}]},{"@type":"WebSite","@id":"https:\/\/www.ph7foodtech.com\/es\/#website","url":"https:\/\/www.ph7foodtech.com\/es\/","name":"PH7 Food Tech","description":"","publisher":{"@id":"https:\/\/www.ph7foodtech.com\/es\/#organization"},"potentialAction":[{"@type":"SearchAction","target":{"@type":"EntryPoint","urlTemplate":"https:\/\/www.ph7foodtech.com\/es\/?s={search_term_string}"},"query-input":{"@type":"PropertyValueSpecification","valueRequired":true,"valueName":"search_term_string"}}],"inLanguage":"es"},{"@type":"Organization","@id":"https:\/\/www.ph7foodtech.com\/es\/#organization","name":"PH7 Food Tech","url":"https:\/\/www.ph7foodtech.com\/es\/","logo":{"@type":"ImageObject","inLanguage":"es","@id":"https:\/\/www.ph7foodtech.com\/es\/#\/schema\/logo\/image\/","url":"https:\/\/www.ph7foodtech.com\/wp-content\/uploads\/2025\/08\/PH7-logo-Sand-Negativo.svg","contentUrl":"https:\/\/www.ph7foodtech.com\/wp-content\/uploads\/2025\/08\/PH7-logo-Sand-Negativo.svg","width":841,"height":595,"caption":"PH7 Food Tech"},"image":{"@id":"https:\/\/www.ph7foodtech.com\/es\/#\/schema\/logo\/image\/"}}]}},"_links":{"self":[{"href":"https:\/\/www.ph7foodtech.com\/es\/wp-json\/wp\/v2\/pages\/560","targetHints":{"allow":["GET"]}}],"collection":[{"href":"https:\/\/www.ph7foodtech.com\/es\/wp-json\/wp\/v2\/pages"}],"about":[{"href":"https:\/\/www.ph7foodtech.com\/es\/wp-json\/wp\/v2\/types\/page"}],"author":[{"embeddable":true,"href":"https:\/\/www.ph7foodtech.com\/es\/wp-json\/wp\/v2\/users\/2"}],"replies":[{"embeddable":true,"href":"https:\/\/www.ph7foodtech.com\/es\/wp-json\/wp\/v2\/comments?post=560"}],"version-history":[{"count":10,"href":"https:\/\/www.ph7foodtech.com\/es\/wp-json\/wp\/v2\/pages\/560\/revisions"}],"predecessor-version":[{"id":8017,"href":"https:\/\/www.ph7foodtech.com\/es\/wp-json\/wp\/v2\/pages\/560\/revisions\/8017"}],"wp:attachment":[{"href":"https:\/\/www.ph7foodtech.com\/es\/wp-json\/wp\/v2\/media?parent=560"}],"curies":[{"name":"wp","href":"https:\/\/api.w.org\/{rel}","templated":true}]}}